{"id":101,"date":"2020-05-18T13:35:30","date_gmt":"2020-05-18T10:35:30","guid":{"rendered":"https:\/\/pcbdroid.com\/?page_id=101"},"modified":"2020-09-14T08:10:29","modified_gmt":"2020-09-14T05:10:29","slug":"company","status":"publish","type":"page","link":"https:\/\/pcbdroid.com\/fi\/company\/","title":{"rendered":"Company"},"content":{"rendered":"<div data-elementor-type=\"wp-page\" data-elementor-id=\"101\" class=\"elementor elementor-101\">\n\t\t\t\t\t\t<div class=\"elementor-inner\">\n\t\t\t\t<div class=\"elementor-section-wrap\">\n\t\t\t\t\t\t\t\t\t<section class=\"elementor-section elementor-top-section elementor-element elementor-element-12b59534 elementor-section-content-middle elementor-section-boxed elementor-section-height-default elementor-section-height-default\" data-id=\"12b59534\" data-element_type=\"section\" data-settings=\"{&quot;background_background&quot;:&quot;classic&quot;}\">\n\t\t\t\t\t\t\t<div class=\"elementor-background-overlay\"><\/div>\n\t\t\t\t\t\t\t<div class=\"elementor-container elementor-column-gap-no\">\n\t\t\t\t\t\t\t<div class=\"elementor-row\">\n\t\t\t\t\t<div class=\"elementor-column elementor-col-100 elementor-top-column elementor-element elementor-element-7c2af659\" data-id=\"7c2af659\" data-element_type=\"column\">\n\t\t\t<div class=\"elementor-column-wrap elementor-element-populated\">\n\t\t\t\t\t\t\t<div class=\"elementor-widget-wrap\">\n\t\t\t\t\t\t<div class=\"elementor-element elementor-element-51ee9c4f elementor-widget elementor-widget-heading\" data-id=\"51ee9c4f\" data-element_type=\"widget\" data-widget_type=\"heading.default\">\n\t\t\t\t<div class=\"elementor-widget-container\">\n\t\t\t<h4 class=\"elementor-heading-title elementor-size-default\">Company<\/h4>\t\t<\/div>\n\t\t\t\t<\/div>\n\t\t\t\t<div class=\"elementor-element elementor-element-309754bf elementor-widget elementor-widget-text-editor\" data-id=\"309754bf\" data-element_type=\"widget\" data-widget_type=\"text-editor.default\">\n\t\t\t\t<div class=\"elementor-widget-container\">\n\t\t\t\t\t\t\t\t<div class=\"elementor-text-editor elementor-clearfix\">\n\t\t\t\t<p>Printed circuit boards, or PCBs, can be found in almost any electronic product. The board serves as the foundation and connects electronic components using conductive tracks, pads and other features etched from one or more sheet layers.\u00a0<\/p><p>When you want to turn your design ideas into real products, you need to have tools that let your creativity flow and innovation flourish without any limitations of time and place.<\/p><p>PCB Droid provides an easy way to design your printed circuit boards for your electronic projects anywhere. It can be an extension hardware for your raspberry PI or Arduino panel, a printed circuit board for the drone or 3D printer you designed, or even help you add LED lighting to your motorcycle! Create your custom PCBs on your mobile device or on your tablet fast and efficiently. You can also use a desktop environment thanks to our Unity version. Share and export your finished designs and save time by working on your projects during your daily commute, no matter where you are.<\/p><p>PCB Droid is an innovative and unique application developer company, originating from Hungary and Finland. Our vision is to become the leading PCB design application with the largest reference library in the world.\u00a0<\/p><p>We have a young innovative team and we value our strong developer background and multinational cooperation. User-centricity and years of experience ensure our expertise in creating the amazing, mobile PCB Droid application for next generation designers.\u00a0<\/p><p>Due to the success of the previous version and the novel touch screen based PCB design application, the company attracted high prestige investors:<\/p><ul><li><strong>L\u00e1szl\u00f3 Kov\u00e1cs<\/strong>, CEO of Pont Systems Zrt., angel investor, mentor<\/li><li><strong>David Helgason<\/strong>, Founder and board member of Unity Technologies<\/li><li><strong>Peter Vesterbacka<\/strong>, Entrepreneur, angel investor and former Mighty Eagle of Angry Birds (Rovio)<\/li><li><strong>Aaron Michelin<\/strong>, accredited European Angel Fund Business Angel<\/li><li><strong>Timo Teimonen<\/strong>, Entrepreneur, business angel and CEO of Aqsens Health Ltd., former head of Nokia Ventures.<\/li><\/ul><p>This commitment enabled the company to develop a new, more advanced version of the PCB Droid application.\u00a0<\/p><p>Our mission is to serve creative PCB designers with our mobile, cross-platform, cloud-based PCB design application and offer accessible and affordable PCB designing for anyone, anywhere, with any device. Based on our application, we also build educational services enabling distance learning and providing help for teachers, educational institutions and universities to educate new, innovative PCB designers.<\/p>\t\t\t\t\t<\/div>\n\t\t\t\t\t\t<\/div>\n\t\t\t\t<\/div>\n\t\t\t\t\t\t<\/div>\n\t\t\t\t\t<\/div>\n\t\t<\/div>\n\t\t\t\t\t\t\t\t<\/div>\n\t\t\t\t\t<\/div>\n\t\t<\/section>\n\t\t\t\t<section class=\"elementor-section elementor-top-section elementor-element elementor-element-ddbbeb9 elementor-section-boxed elementor-section-height-default elementor-section-height-default\" data-id=\"ddbbeb9\" data-element_type=\"section\" data-settings=\"{&quot;background_background&quot;:&quot;classic&quot;}\">\n\t\t\t\t\t\t<div class=\"elementor-container elementor-column-gap-default\">\n\t\t\t\t\t\t\t<div class=\"elementor-row\">\n\t\t\t\t\t<div class=\"elementor-column elementor-col-100 elementor-top-column elementor-element elementor-element-acb4e90\" data-id=\"acb4e90\" data-element_type=\"column\">\n\t\t\t<div class=\"elementor-column-wrap elementor-element-populated\">\n\t\t\t\t\t\t\t<div class=\"elementor-widget-wrap\">\n\t\t\t\t\t\t<div class=\"elementor-element elementor-element-0aea67d elementor-widget elementor-widget-heading\" data-id=\"0aea67d\" data-element_type=\"widget\" data-widget_type=\"heading.default\">\n\t\t\t\t<div class=\"elementor-widget-container\">\n\t\t\t<h2 class=\"elementor-heading-title elementor-size-default\">Team<\/h2>\t\t<\/div>\n\t\t\t\t<\/div>\n\t\t\t\t<div class=\"elementor-element elementor-element-94a5049 elementor-widget elementor-widget-premium-addon-person\" data-id=\"94a5049\" data-element_type=\"widget\" data-settings=\"{&quot;persons_per_row_mobile&quot;:&quot;100%&quot;,&quot;persons_per_row&quot;:&quot;25%&quot;,&quot;persons_per_row_tablet&quot;:&quot;100%&quot;}\" data-widget_type=\"premium-addon-person.default\">\n\t\t\t\t<div class=\"elementor-widget-container\">\n\t\t\t\t\t<div class=\"premium-persons-container premium-person-style2 multiple-persons\" data-persons-equal=\"yes\">\n\t\t\t\t\t\t\t\t<div class=\"premium-person-container premium-person-none-effect\">\n\t\t\t\t\t\t<div class=\"premium-person-image-container\">\n\t\t\t\t\t\t<img loading=\"lazy\" decoding=\"async\" width=\"300\" height=\"300\" src=\"https:\/\/pcbdroid.com\/wp-content\/uploads\/2020\/05\/janos1024-300x300.jpg\" class=\"attachment-medium size-medium\" alt=\"\" \/>\t\t\t\t\t\t\t\t\t\t\t\t\t<\/div>\n\t\t\t\t\t\t<div class=\"premium-person-info\">\n\t\t\t\t\t\t\t\t\t\t<div class=\"premium-person-info-container\">\n\t\t\t\t\t\t\t\t\t<h2 class=\"premium-person-name\">J\u00e1nos JAKUB<\/h2>\n\t\t\t\t\t\t\t\t\t\t\t<h4 class=\"premium-person-title\">\n\t\t\t\t\t\t\t<span>Founder, CTO<\/span>\n\t\t\t\t\t\t<\/h4>\n\t\t\t\t\t\t\t\t\t\t\t<div class=\"premium-person-content\">\n\t\t\t\t\t\t\t<p>Electronic hobbyist, Arduino and IoT enthusiast<\/p><p><a href=\"https:\/\/www.linkedin.com\/in\/janos-jakub-5a8455108\"><img loading=\"lazy\" decoding=\"async\" class=\"alignnone wp-image-107\" src=\"http:\/\/reposaari.scenegroup.fi\/~sg2700\/wp-content\/uploads\/2020\/05\/linkeding-300x300.png\" alt=\"\" width=\"40\" height=\"40\" srcset=\"https:\/\/pcbdroid.com\/wp-content\/uploads\/2020\/05\/linkeding-300x300.png 300w, https:\/\/pcbdroid.com\/wp-content\/uploads\/2020\/05\/linkeding-150x150.png 150w, https:\/\/pcbdroid.com\/wp-content\/uploads\/2020\/05\/linkeding.png 512w\" sizes=\"auto, (max-width: 40px) 100vw, 40px\" \/><\/a><\/p>\t\t\t\t\t\t<\/div>\n\t\t\t\t\t\t\t\t<\/div>\n\t\t\t\t\t\t\t\t\t<\/div>\n\t\t\t\t\t<\/div>\n\t\t\t\t\t\t\t\t\t\t<div class=\"premium-person-container premium-person-none-effect\">\n\t\t\t\t\t\t<div class=\"premium-person-image-container\">\n\t\t\t\t\t\t<img loading=\"lazy\" decoding=\"async\" width=\"300\" height=\"300\" src=\"https:\/\/pcbdroid.com\/wp-content\/uploads\/2020\/09\/sara-300x300.jpg\" class=\"attachment-medium size-medium\" alt=\"\" \/>\t\t\t\t\t\t\t\t\t\t\t\t\t<\/div>\n\t\t\t\t\t\t<div class=\"premium-person-info\">\n\t\t\t\t\t\t\t\t\t\t<div class=\"premium-person-info-container\">\n\t\t\t\t\t\t\t\t\t<h2 class=\"premium-person-name\">S\u00e1ra BORB\u00cdR\u00d3<\/h2>\n\t\t\t\t\t\t\t\t\t\t\t<h4 class=\"premium-person-title\">\n\t\t\t\t\t\t\t<span>Test Manager<\/span>\n\t\t\t\t\t\t<\/h4>\n\t\t\t\t\t\t\t\t\t\t\t<div class=\"premium-person-content\">\n\t\t\t\t\t\t\t<p>Experience in technology frameworks for over 5 years<\/p><p><a href=\"http:\/\/www.linkedin.com\/in\/bogl%C3%A1rka-s%C3%A1ra-borb%C3%ADr%C3%B3-77697b159\"><img loading=\"lazy\" decoding=\"async\" class=\"alignnone wp-image-107\" src=\"http:\/\/reposaari.scenegroup.fi\/~sg2700\/wp-content\/uploads\/2020\/05\/linkeding-300x300.png\" alt=\"\" width=\"40\" height=\"40\" srcset=\"https:\/\/pcbdroid.com\/wp-content\/uploads\/2020\/05\/linkeding-300x300.png 300w, https:\/\/pcbdroid.com\/wp-content\/uploads\/2020\/05\/linkeding-150x150.png 150w, https:\/\/pcbdroid.com\/wp-content\/uploads\/2020\/05\/linkeding.png 512w\" sizes=\"auto, (max-width: 40px) 100vw, 40px\" \/><\/a><\/p>\t\t\t\t\t\t<\/div>\n\t\t\t\t\t\t\t\t<\/div>\n\t\t\t\t\t\t\t\t\t<\/div>\n\t\t\t\t\t<\/div>\n\t\t\t\t\t\t\t\t\t\t<div class=\"premium-person-container premium-person-none-effect\">\n\t\t\t\t\t\t<div class=\"premium-person-image-container\">\n\t\t\t\t\t\t<img loading=\"lazy\" decoding=\"async\" width=\"275\" height=\"300\" src=\"https:\/\/pcbdroid.com\/wp-content\/uploads\/2020\/09\/me_2017_02-275x300.png\" class=\"attachment-medium size-medium\" alt=\"\" \/>\t\t\t\t\t\t\t\t\t\t\t\t\t<\/div>\n\t\t\t\t\t\t<div class=\"premium-person-info\">\n\t\t\t\t\t\t\t\t\t\t<div class=\"premium-person-info-container\">\n\t\t\t\t\t\t\t\t\t<h2 class=\"premium-person-name\">Petr CSUHA<\/h2>\n\t\t\t\t\t\t\t\t\t\t\t<h4 class=\"premium-person-title\">\n\t\t\t\t\t\t\t<span>Architect<\/span>\n\t\t\t\t\t\t<\/h4>\n\t\t\t\t\t\t\t\t\t\t\t<div class=\"premium-person-content\">\n\t\t\t\t\t\t\t<p>Over 25 years of experience in software development<\/p><p><a href=\"https:\/\/www.linkedin.com\/in\/petr-csuha-444286b7\"><img loading=\"lazy\" decoding=\"async\" class=\"alignnone wp-image-107\" src=\"http:\/\/reposaari.scenegroup.fi\/~sg2700\/wp-content\/uploads\/2020\/05\/linkeding-300x300.png\" alt=\"\" width=\"40\" height=\"40\" srcset=\"https:\/\/pcbdroid.com\/wp-content\/uploads\/2020\/05\/linkeding-300x300.png 300w, https:\/\/pcbdroid.com\/wp-content\/uploads\/2020\/05\/linkeding-150x150.png 150w, https:\/\/pcbdroid.com\/wp-content\/uploads\/2020\/05\/linkeding.png 512w\" sizes=\"auto, (max-width: 40px) 100vw, 40px\" \/><\/a><\/p>\t\t\t\t\t\t<\/div>\n\t\t\t\t\t\t\t\t<\/div>\n\t\t\t\t\t\t\t\t\t<\/div>\n\t\t\t\t\t<\/div>\n\t\t\t\t\t\t\t\t\t\t<div class=\"premium-person-container premium-person-none-effect\">\n\t\t\t\t\t\t<div class=\"premium-person-image-container\">\n\t\t\t\t\t\t<img loading=\"lazy\" decoding=\"async\" width=\"300\" height=\"300\" src=\"https:\/\/pcbdroid.com\/wp-content\/uploads\/2020\/09\/laci-300x300.jpg\" class=\"attachment-medium size-medium\" alt=\"\" \/>\t\t\t\t\t\t\t\t\t\t\t\t\t<\/div>\n\t\t\t\t\t\t<div class=\"premium-person-info\">\n\t\t\t\t\t\t\t\t\t\t<div class=\"premium-person-info-container\">\n\t\t\t\t\t\t\t\t\t<h2 class=\"premium-person-name\">L\u00e1szl\u00f3 MAGDA<\/h2>\n\t\t\t\t\t\t\t\t\t\t\t<h4 class=\"premium-person-title\">\n\t\t\t\t\t\t\t<span>Developer<\/span>\n\t\t\t\t\t\t<\/h4>\n\t\t\t\t\t\t\t\t\t\t\t<div class=\"premium-person-content\">\n\t\t\t\t\t\t\t<p>Unity developer, C# developer<\/p><p><a href=\"https:\/\/www.linkedin.com\/in\/l%C3%A1szl%C3%B3-dr-magda\"><img loading=\"lazy\" decoding=\"async\" class=\"alignnone wp-image-107\" src=\"http:\/\/reposaari.scenegroup.fi\/~sg2700\/wp-content\/uploads\/2020\/05\/linkeding-300x300.png\" alt=\"\" width=\"40\" height=\"40\" srcset=\"https:\/\/pcbdroid.com\/wp-content\/uploads\/2020\/05\/linkeding-300x300.png 300w, https:\/\/pcbdroid.com\/wp-content\/uploads\/2020\/05\/linkeding-150x150.png 150w, https:\/\/pcbdroid.com\/wp-content\/uploads\/2020\/05\/linkeding.png 512w\" sizes=\"auto, (max-width: 40px) 100vw, 40px\" \/><\/a><\/p>\t\t\t\t\t\t<\/div>\n\t\t\t\t\t\t\t\t<\/div>\n\t\t\t\t\t\t\t\t\t<\/div>\n\t\t\t\t\t<\/div>\n\t\t\t\t\t\t\t<\/div>\n\t\t\t\t<\/div>\n\t\t\t\t<\/div>\n\t\t\t\t\t\t<\/div>\n\t\t\t\t\t<\/div>\n\t\t<\/div>\n\t\t\t\t\t\t\t\t<\/div>\n\t\t\t\t\t<\/div>\n\t\t<\/section>\n\t\t\t\t<section class=\"elementor-section elementor-top-section elementor-element elementor-element-0a17dd5 elementor-section-full_width elementor-section-height-default elementor-section-height-default\" data-id=\"0a17dd5\" data-element_type=\"section\">\n\t\t\t\t\t\t<div class=\"elementor-container elementor-column-gap-default\">\n\t\t\t\t\t\t\t<div class=\"elementor-row\">\n\t\t\t\t\t<div class=\"elementor-column elementor-col-100 elementor-top-column elementor-element elementor-element-4e6a31e\" data-id=\"4e6a31e\" data-element_type=\"column\">\n\t\t\t<div class=\"elementor-column-wrap elementor-element-populated\">\n\t\t\t\t\t\t\t<div class=\"elementor-widget-wrap\">\n\t\t\t\t\t\t<div class=\"elementor-element elementor-element-122a3ef elementor-widget elementor-widget-shortcode\" data-id=\"122a3ef\" data-element_type=\"widget\" data-widget_type=\"shortcode.default\">\n\t\t\t\t<div class=\"elementor-widget-container\">\n\t\t\t\t\t<div class=\"elementor-shortcode\">\t\t<div data-elementor-type=\"wp-post\" data-elementor-id=\"81\" class=\"elementor elementor-81\">\n\t\t\t\t\t\t<div class=\"elementor-inner\">\n\t\t\t\t<div class=\"elementor-section-wrap\">\n\t\t\t\t\t\t\t\t\t<section class=\"elementor-section elementor-top-section elementor-element elementor-element-87041af elementor-section-boxed elementor-section-height-default elementor-section-height-default\" data-id=\"87041af\" data-element_type=\"section\" data-settings=\"{&quot;background_background&quot;:&quot;classic&quot;}\">\n\t\t\t\t\t\t<div class=\"elementor-container elementor-column-gap-default\">\n\t\t\t\t\t\t\t<div class=\"elementor-row\">\n\t\t\t\t\t<div class=\"elementor-column elementor-col-33 elementor-top-column elementor-element elementor-element-50057cd\" data-id=\"50057cd\" data-element_type=\"column\">\n\t\t\t<div class=\"elementor-column-wrap elementor-element-populated\">\n\t\t\t\t\t\t\t<div class=\"elementor-widget-wrap\">\n\t\t\t\t\t\t<div class=\"elementor-element elementor-element-c36e114 elementor-widget elementor-widget-google_maps\" data-id=\"c36e114\" data-element_type=\"widget\" data-widget_type=\"google_maps.default\">\n\t\t\t\t<div class=\"elementor-widget-container\">\n\t\t\t\t\t<div class=\"elementor-custom-embed\">\n\t\t\t<iframe frameborder=\"0\" scrolling=\"no\" marginheight=\"0\" marginwidth=\"0\"\n\t\t\t\t\tsrc=\"https:\/\/maps.google.com\/maps?q=Antinkatu%202%2C%2028100%20Pori%2C%20Finland&#038;t=m&#038;z=16&#038;output=embed&#038;iwloc=near\"\n\t\t\t\t\ttitle=\"Antinkatu 2, 28100 Pori, Finland\"\n\t\t\t\t\taria-label=\"Antinkatu 2, 28100 Pori, Finland\"\n\t\t\t><\/iframe>\n\t\t<\/div>\n\t\t\t\t<\/div>\n\t\t\t\t<\/div>\n\t\t\t\t\t\t<\/div>\n\t\t\t\t\t<\/div>\n\t\t<\/div>\n\t\t\t\t<div class=\"elementor-column elementor-col-33 elementor-top-column elementor-element elementor-element-fbcbbb6\" data-id=\"fbcbbb6\" data-element_type=\"column\">\n\t\t\t<div class=\"elementor-column-wrap elementor-element-populated\">\n\t\t\t\t\t\t\t<div class=\"elementor-widget-wrap\">\n\t\t\t\t\t\t<div class=\"elementor-element elementor-element-471212a elementor-position-top elementor-vertical-align-top elementor-widget elementor-widget-image-box\" data-id=\"471212a\" data-element_type=\"widget\" data-widget_type=\"image-box.default\">\n\t\t\t\t<div class=\"elementor-widget-container\">\n\t\t\t<div class=\"elementor-image-box-wrapper\"><figure class=\"elementor-image-box-img\"><img loading=\"lazy\" decoding=\"async\" width=\"1000\" height=\"502\" src=\"https:\/\/pcbdroid.com\/wp-content\/uploads\/2020\/05\/pcb-logo-2.png\" class=\"attachment-full size-full\" alt=\"\" \/><\/figure><div class=\"elementor-image-box-content\"><h3 class=\"elementor-image-box-title\">PCBDROID Oy<\/h3><p class=\"elementor-image-box-description\">Antinkatu 2, 28100 Pori, Finland<br>\nsupport@pcbdroid.com<br><br>\nBusiness ID: FI2947809-1\n<\/p><\/div><\/div>\t\t<\/div>\n\t\t\t\t<\/div>\n\t\t\t\t<div class=\"elementor-element elementor-element-61aea1d elementor-shape-circle elementor-grid-0 e-grid-align-center elementor-widget elementor-widget-social-icons\" data-id=\"61aea1d\" data-element_type=\"widget\" data-widget_type=\"social-icons.default\">\n\t\t\t\t<div class=\"elementor-widget-container\">\n\t\t\t\t\t<div class=\"elementor-social-icons-wrapper elementor-grid\">\n\t\t\t\t\t\t\t<span class=\"elementor-grid-item\">\n\t\t\t\t\t<a class=\"elementor-icon elementor-social-icon elementor-social-icon-facebook elementor-repeater-item-b6bc41f\" href=\"https:\/\/www.facebook.com\/PCBDroid\/\" target=\"_blank\">\n\t\t\t\t\t\t<span class=\"elementor-screen-only\">Facebook<\/span>\n\t\t\t\t\t\t<i class=\"fab fa-facebook\"><\/i>\t\t\t\t\t<\/a>\n\t\t\t\t<\/span>\n\t\t\t\t\t\t\t<span class=\"elementor-grid-item\">\n\t\t\t\t\t<a class=\"elementor-icon elementor-social-icon elementor-social-icon-twitter elementor-repeater-item-e0f03b3\" href=\"https:\/\/twitter.com\/pcbdroid\" target=\"_blank\">\n\t\t\t\t\t\t<span class=\"elementor-screen-only\">Twitter<\/span>\n\t\t\t\t\t\t<i class=\"fab fa-twitter\"><\/i>\t\t\t\t\t<\/a>\n\t\t\t\t<\/span>\n\t\t\t\t\t\t\t<span class=\"elementor-grid-item\">\n\t\t\t\t\t<a class=\"elementor-icon elementor-social-icon elementor-social-icon-instagram elementor-repeater-item-c69107d\" href=\"https:\/\/www.instagram.com\/pcbdroid\/\" target=\"_blank\">\n\t\t\t\t\t\t<span class=\"elementor-screen-only\">Instagram<\/span>\n\t\t\t\t\t\t<i class=\"fab fa-instagram\"><\/i>\t\t\t\t\t<\/a>\n\t\t\t\t<\/span>\n\t\t\t\t\t<\/div>\n\t\t\t\t<\/div>\n\t\t\t\t<\/div>\n\t\t\t\t\t\t<\/div>\n\t\t\t\t\t<\/div>\n\t\t<\/div>\n\t\t\t\t<div class=\"elementor-column elementor-col-33 elementor-top-column elementor-element elementor-element-fe29096\" data-id=\"fe29096\" data-element_type=\"column\">\n\t\t\t<div class=\"elementor-column-wrap elementor-element-populated\">\n\t\t\t\t\t\t\t<div class=\"elementor-widget-wrap\">\n\t\t\t\t\t\t<div class=\"elementor-element elementor-element-9a54492 elementor-widget elementor-widget-image\" data-id=\"9a54492\" data-element_type=\"widget\" data-widget_type=\"image.default\">\n\t\t\t\t<div class=\"elementor-widget-container\">\n\t\t\t\t\t\t\t\t<div class=\"elementor-image\">\n\t\t\t\t\t\t\t\t\t\t\t\t\t<a href=\"https:\/\/play.google.com\/store\/apps\/details?id=com.pcbdroid.unity.android&#038;hl=en-GB\">\n\t\t\t\t\t\t\t<img decoding=\"async\" src=\"https:\/\/pcbdroid.com\/wp-content\/uploads\/elementor\/thumbs\/play-opoutikkalg1m8a9j769iz1s2ggcaxmq2vieuofk9k.png\" title=\"play\" alt=\"play\" \/>\t\t\t\t\t\t\t\t<\/a>\n\t\t\t\t\t\t\t\t\t\t\t\t\t\t<\/div>\n\t\t\t\t\t\t<\/div>\n\t\t\t\t<\/div>\n\t\t\t\t<div class=\"elementor-element elementor-element-656392e elementor-widget elementor-widget-image\" data-id=\"656392e\" data-element_type=\"widget\" data-widget_type=\"image.default\">\n\t\t\t\t<div class=\"elementor-widget-container\">\n\t\t\t\t\t\t\t\t<div class=\"elementor-image\">\n\t\t\t\t\t\t\t\t\t\t\t\t<img decoding=\"async\" src=\"https:\/\/pcbdroid.com\/wp-content\/uploads\/elementor\/thumbs\/apple-opouthmq3rerambmoormyhabh2kz38izqquxdegyfi.png\" title=\"apple\" alt=\"apple\" \/>\t\t\t\t\t\t\t\t\t\t\t\t\t\t<\/div>\n\t\t\t\t\t\t<\/div>\n\t\t\t\t<\/div>\n\t\t\t\t\t\t<\/div>\n\t\t\t\t\t<\/div>\n\t\t<\/div>\n\t\t\t\t\t\t\t\t<\/div>\n\t\t\t\t\t<\/div>\n\t\t<\/section>\n\t\t\t\t\t\t\t\t\t<\/div>\n\t\t\t<\/div>\n\t\t\t\t\t<\/div>\n\t\t<\/div>\n\t\t\t\t<\/div>\n\t\t\t\t<\/div>\n\t\t\t\t\t\t<\/div>\n\t\t\t\t\t<\/div>\n\t\t<\/div>\n\t\t\t\t\t\t\t\t<\/div>\n\t\t\t\t\t<\/div>\n\t\t<\/section>\n\t\t\t\t\t\t\t\t\t<\/div>\n\t\t\t<\/div>\n\t\t\t\t\t<\/div>","protected":false},"excerpt":{"rendered":"<p>Company Printed circuit boards, or PCBs, can be found in almost any electronic product. The board serves as the foundation and connects electronic components using conductive tracks, pads and other features etched from one or more sheet layers.&nbsp; When you want to turn your design ideas into real products, you need to have tools that &hellip;<\/p>\n<p class=\"read-more\"> <a class=\"\" href=\"https:\/\/pcbdroid.com\/fi\/company\/\"> <span class=\"screen-reader-text\">Company<\/span> Lue lis\u00e4\u00e4 &raquo;<\/a><\/p>","protected":false},"author":1,"featured_media":0,"parent":0,"menu_order":0,"comment_status":"closed","ping_status":"closed","template":"","meta":{"footnotes":""},"class_list":["post-101","page","type-page","status-publish","hentry"],"_links":{"self":[{"href":"https:\/\/pcbdroid.com\/fi\/wp-json\/wp\/v2\/pages\/101","targetHints":{"allow":["GET"]}}],"collection":[{"href":"https:\/\/pcbdroid.com\/fi\/wp-json\/wp\/v2\/pages"}],"about":[{"href":"https:\/\/pcbdroid.com\/fi\/wp-json\/wp\/v2\/types\/page"}],"author":[{"embeddable":true,"href":"https:\/\/pcbdroid.com\/fi\/wp-json\/wp\/v2\/users\/1"}],"replies":[{"embeddable":true,"href":"https:\/\/pcbdroid.com\/fi\/wp-json\/wp\/v2\/comments?post=101"}],"version-history":[{"count":27,"href":"https:\/\/pcbdroid.com\/fi\/wp-json\/wp\/v2\/pages\/101\/revisions"}],"predecessor-version":[{"id":411,"href":"https:\/\/pcbdroid.com\/fi\/wp-json\/wp\/v2\/pages\/101\/revisions\/411"}],"wp:attachment":[{"href":"https:\/\/pcbdroid.com\/fi\/wp-json\/wp\/v2\/media?parent=101"}],"curies":[{"name":"wp","href":"https:\/\/api.w.org\/{rel}","templated":true}]}}